{"id":2508,"date":"2019-02-01T08:41:54","date_gmt":"2019-02-01T07:41:54","guid":{"rendered":"https:\/\/iesocastejon.educacion.navarra.es\/web\/?page_id=2508"},"modified":"2019-02-01T08:41:54","modified_gmt":"2019-02-01T07:41:54","slug":"procedimiento-revision-de-la-evaluacion-y-calificacion","status":"publish","type":"page","link":"https:\/\/iesocastejon.educacion.navarra.es\/web\/procedimiento-revision-de-la-evaluacion-y-calificacion\/","title":{"rendered":"Procedimiento revisi\u00f3n de la evaluaci\u00f3n y calificaci\u00f3n"},"content":{"rendered":"","protected":false},"excerpt":{"rendered":"","protected":false},"author":1,"featured_media":0,"parent":0,"menu_order":0,"comment_status":"closed","ping_status":"closed","template":"","meta":{"_genesis_hide_title":false,"_genesis_hide_breadcrumbs":false,"_genesis_hide_singular_image":false,"_genesis_hide_footer_widgets":false,"_genesis_custom_body_class":"","_genesis_custom_post_class":"","_genesis_layout":""},"_links":{"self":[{"href":"https:\/\/iesocastejon.educacion.navarra.es\/web\/wp-json\/wp\/v2\/pages\/2508"}],"collection":[{"href":"https:\/\/iesocastejon.educacion.navarra.es\/web\/wp-json\/wp\/v2\/pages"}],"about":[{"href":"https:\/\/iesocastejon.educacion.navarra.es\/web\/wp-json\/wp\/v2\/types\/page"}],"author":[{"embeddable":true,"href":"https:\/\/iesocastejon.educacion.navarra.es\/web\/wp-json\/wp\/v2\/users\/1"}],"replies":[{"embeddable":true,"href":"https:\/\/iesocastejon.educacion.navarra.es\/web\/wp-json\/wp\/v2\/comments?post=2508"}],"version-history":[{"count":1,"href":"https:\/\/iesocastejon.educacion.navarra.es\/web\/wp-json\/wp\/v2\/pages\/2508\/revisions"}],"predecessor-version":[{"id":2509,"href":"https:\/\/iesocastejon.educacion.navarra.es\/web\/wp-json\/wp\/v2\/pages\/2508\/revisions\/2509"}],"wp:attachment":[{"href":"https:\/\/iesocastejon.educacion.navarra.es\/web\/wp-json\/wp\/v2\/media?parent=2508"}],"curies":[{"name":"wp","href":"https:\/\/api.w.org\/{rel}","templated":true}]}}