{"id":1771,"date":"2018-09-01T16:49:07","date_gmt":"2018-09-01T14:49:07","guid":{"rendered":"https:\/\/iesocastejon.educacion.navarra.es\/web\/?page_id=1771"},"modified":"2019-02-26T08:01:18","modified_gmt":"2019-02-26T07:01:18","slug":"de-2oeso","status":"publish","type":"page","link":"https:\/\/iesocastejon.educacion.navarra.es\/web\/de-2oeso\/","title":{"rendered":"de 2\u00baESO"},"content":{"rendered":"<ul>\n<li><span style=\"color: #800000;\">Jornada de convivencia en <a style=\"color: #800000;\" href=\"https:\/\/docs.google.com\/document\/d\/1Afh53V4n1dcUpeb8XR9nlc0A-2lXMZk_nDGA8ym72YQ\/edit?usp=sharing\">CORTES (14\/09\/18)<\/a><\/span><\/li>\n<li><span style=\"color: #000000;\"><a style=\"color: #000000;\" href=\"https:\/\/docs.google.com\/document\/d\/10L9q3i9l9sC-rBNaQlGG2wwvlCkTCe0qmCukQ9P7lHQ\/edit?usp=sharing\">Visita IX Sal\u00f3n del C\u00f3mic en Pamplona<\/a> (3\/10\/18)<\/span><\/li>\n<li><a href=\"https:\/\/docs.google.com\/document\/d\/1r4l8zoBroD_XYmsA5ilyOoDGi5XcxG1fCBvK4XvG0L8\/edit?usp=sharing\"><span style=\"color: #993366;\">Circular pago de cuota en concepto de materiales<\/span><\/a><\/li>\n<li><span style=\"color: #993366;\"><a style=\"color: #993366;\" href=\"https:\/\/docs.google.com\/document\/d\/13H6T_Yz42u6axugL5ikEN__ml2rBMD8t-tLo8n6DRXw\/edit?usp=sharing\">Circular concentraci\u00f3n, 23 de noviembre (D\u00eda Internacional contra la Violencia de G\u00e9nero)<\/a><\/span><\/li>\n<li><a href=\"https:\/\/docs.google.com\/document\/d\/1gwUXu7n_WHrp6q0oiZvRydCOZDTKky9r6KFJC6KzqrM\/edit?usp=sharing\"><span style=\"color: #800080;\">Circular publicaci\u00f3n bolet\u00edn de notas 1\u00aa Evaluaci\u00f3n en Educa<\/span><\/a><\/li>\n<li><a href=\"http:\/\/Circular publicaci\u00f3n bolet\u00edn de notas 1\u00aa Evaluaci\u00f3n en Educa\" data-wplink-url-error=\"true\"><span style=\"color: #800080;\">Circular publicaci\u00f3n bolet\u00edn de notas 2\u00aa Evaluaci\u00f3n en Educa<\/span><\/a><\/li>\n<\/ul>\n","protected":false},"excerpt":{"rendered":"<p>Jornada de convivencia en CORTES (14\/09\/18) Visita IX Sal\u00f3n del C\u00f3mic en Pamplona (3\/10\/18) Circular pago de cuota en concepto de materiales Circular concentraci\u00f3n, 23 de noviembre (D\u00eda Internacional contra la Violencia de G\u00e9nero) Circular publicaci\u00f3n bolet\u00edn de notas 1\u00aa Evaluaci\u00f3n en Educa Circular publicaci\u00f3n bolet\u00edn de notas 2\u00aa Evaluaci\u00f3n en Educa<\/p>\n","protected":false},"author":1,"featured_media":0,"parent":0,"menu_order":0,"comment_status":"closed","ping_status":"closed","template":"","meta":{"_genesis_hide_title":false,"_genesis_hide_breadcrumbs":false,"_genesis_hide_singular_image":false,"_genesis_hide_footer_widgets":false,"_genesis_custom_body_class":"","_genesis_custom_post_class":"","_genesis_layout":""},"_links":{"self":[{"href":"https:\/\/iesocastejon.educacion.navarra.es\/web\/wp-json\/wp\/v2\/pages\/1771"}],"collection":[{"href":"https:\/\/iesocastejon.educacion.navarra.es\/web\/wp-json\/wp\/v2\/pages"}],"about":[{"href":"https:\/\/iesocastejon.educacion.navarra.es\/web\/wp-json\/wp\/v2\/types\/page"}],"author":[{"embeddable":true,"href":"https:\/\/iesocastejon.educacion.navarra.es\/web\/wp-json\/wp\/v2\/users\/1"}],"replies":[{"embeddable":true,"href":"https:\/\/iesocastejon.educacion.navarra.es\/web\/wp-json\/wp\/v2\/comments?post=1771"}],"version-history":[{"count":10,"href":"https:\/\/iesocastejon.educacion.navarra.es\/web\/wp-json\/wp\/v2\/pages\/1771\/revisions"}],"predecessor-version":[{"id":2628,"href":"https:\/\/iesocastejon.educacion.navarra.es\/web\/wp-json\/wp\/v2\/pages\/1771\/revisions\/2628"}],"wp:attachment":[{"href":"https:\/\/iesocastejon.educacion.navarra.es\/web\/wp-json\/wp\/v2\/media?parent=1771"}],"curies":[{"name":"wp","href":"https:\/\/api.w.org\/{rel}","templated":true}]}}